{"id":92,"date":"2022-05-19T15:34:41","date_gmt":"2022-05-19T15:34:41","guid":{"rendered":"http:\/\/noemiprimo.com\/?page_id=92"},"modified":"2024-09-17T11:33:27","modified_gmt":"2024-09-17T11:33:27","slug":"agenda","status":"publish","type":"page","link":"https:\/\/noemiprimo.com\/index.php\/agenda\/","title":{"rendered":"Agenda"},"content":{"rendered":"<p>[et_pb_section fb_built=\u00bb1&#8243; fullwidth=\u00bbon\u00bb _builder_version=\u00bb4.17.3&#8243; _module_preset=\u00bbdefault\u00bb background_image=\u00bbhttps:\/\/noemiprimo.com\/wp-content\/uploads\/2022\/05\/personal-stylist-48.png\u00bb background_size=\u00bbcustom\u00bb background_image_width=\u00bb17%\u00bb background_image_height=\u00bb0%\u00bb background_position=\u00bbtop_left\u00bb background_horizontal_offset=\u00bb59%\u00bb background_vertical_offset=\u00bb-14%\u00bb background_repeat=\u00bbrepeat-y\u00bb global_colors_info=\u00bb{}\u00bb][et_pb_fullwidth_post_title author=\u00bboff\u00bb comments=\u00bboff\u00bb featured_image=\u00bboff\u00bb _builder_version=\u00bb4.17.3&#8243; _module_preset=\u00bbdefault\u00bb title_font=\u00bbABeeZee|700|||||||\u00bb title_text_align=\u00bbcenter\u00bb title_font_size=\u00bb33px\u00bb title_letter_spacing=\u00bb16px\u00bb meta_text_align=\u00bbright\u00bb meta_font_size=\u00bb1px\u00bb background_image=\u00bbhttps:\/\/noemiprimo.com\/wp-content\/uploads\/2022\/05\/personal-stylist-45.png\u00bb text_orientation=\u00bbcenter\u00bb module_alignment=\u00bbcenter\u00bb max_height=\u00bb139px\u00bb custom_margin=\u00bb0px||0px||false|false\u00bb global_colors_info=\u00bb{}\u00bb][\/et_pb_fullwidth_post_title][\/et_pb_section][et_pb_section fb_built=\u00bb1&#8243; _builder_version=\u00bb4.17.3&#8243; _module_preset=\u00bbdefault\u00bb global_colors_info=\u00bb{}\u00bb][et_pb_row column_structure=\u00bb1_2,1_2&#8243; _builder_version=\u00bb4.17.3&#8243; _module_preset=\u00bbdefault\u00bb link_option_url=\u00bbhttps:\/\/noemiprimo.com\/index.php\/taller-relaciones-autenticas\/\u00bb link_option_url_new_window=\u00bbon\u00bb hover_enabled=\u00bb0&#8243; global_colors_info=\u00bb{}\u00bb sticky_enabled=\u00bb0&#8243;][et_pb_column type=\u00bb1_2&#8243; _builder_version=\u00bb4.17.3&#8243; _module_preset=\u00bbdefault\u00bb global_colors_info=\u00bb{}\u00bb][et_pb_blurb title=\u00bbTaller: Descubre los secretos de las relaciones aut\u00e9nticas!\u00bb url=\u00bbhttps:\/\/noemiprimo.com\/index.php\/taller-relaciones-autenticas\/\u00bb url_new_window=\u00bbon\u00bb image=\u00bbhttps:\/\/noemiprimo.com\/wp-content\/uploads\/2022\/06\/P-positiva.jpg\u00bb image_icon_width=\u00bb106%\u00bb _builder_version=\u00bb4.17.3&#8243; _module_preset=\u00bbdefault\u00bb header_level=\u00bbh2&#8243; header_font=\u00bbABeeZee|800|||||||\u00bb body_font=\u00bbABeeZee||||||||\u00bb text_orientation=\u00bbcenter\u00bb link_option_url=\u00bbhttps:\/\/noemiprimo.com\/index.php\/taller-relaciones-autenticas\/\u00bb link_option_url_new_window=\u00bbon\u00bb hover_enabled=\u00bb0&#8243; border_width_all_image=\u00bb4px\u00bb global_colors_info=\u00bb{}\u00bb sticky_enabled=\u00bb0&#8243;]<\/p>\n<p style=\"text-align: justify;\">El pr\u00f3ximo d\u00eda 6 de Octubre de 10h a 14h, impartir\u00e9 este taller en Sitges, en BONZA, Av. Sof\u00eda, 3 (Entrada Hotel Mediterraneo).<\/p>\n<p style=\"text-align: justify;\">Puedes venir sol@ o en pareja, descubrir\u00e1s claves para vivir relaciones sanas y aut\u00e9nticas a todos los niveles (familia, <span style=\"color: #000000;\"><a href=\"mailto:amig@s\" style=\"color: #000000;\">amig@s, pareja, etc&#8230;)<\/a><\/span><\/p>\n<p style=\"text-align: justify;\">Para m\u00e1s informaci\u00f3n: Wasap: 636389441 o email: andoni@yumemusic.es<\/p>\n<p style=\"text-align: justify;\">[\/et_pb_blurb][\/et_pb_column][et_pb_column type=\u00bb1_2&#8243; _builder_version=\u00bb4.17.3&#8243; _module_preset=\u00bbdefault\u00bb global_colors_info=\u00bb{}\u00bb][et_pb_blurb title=\u00bbEVENTO: RITUAL ARMON\u00cdA CUERPO, MENTE, ALMA\u00bb image=\u00bbhttps:\/\/noemiprimo.com\/wp-content\/uploads\/2022\/07\/MONTSERRAT-1.jpg\u00bb image_icon_width=\u00bb106%\u00bb _builder_version=\u00bb4.17.3&#8243; _module_preset=\u00bbdefault\u00bb header_level=\u00bbh3&#8243; header_font=\u00bbABeeZee|800|||||||\u00bb header_font_size=\u00bb20px\u00bb header_line_height=\u00bb1.2em\u00bb body_font=\u00bbABeeZee||||||||\u00bb text_orientation=\u00bbcenter\u00bb border_width_all_image=\u00bb4px\u00bb global_colors_info=\u00bb{}\u00bb]<\/p>\n<p style=\"text-align: justify;\">El pr\u00f3ximo d\u00eda 28 de septiembre de 11h a 14h en la monta\u00f1a sagrada de Montserrat, haremos un evento de conexi\u00f3n con nuestra Esencia a trav\u00e9s de 3 apartados: 1- Charla sobre la Meditaci\u00f3n y el cerebro. (Noem\u00ed Primo). 2-Ritual de Cacao. (Patricia Nebreda). 3- Concierto Meditativo con instrumentos terap\u00e9uticos. (Andoni Leiva).<\/p>\n<p style=\"text-align: justify;\">Despu\u00e9s, podemos compartir una comida juntos.<\/p>\n<p style=\"text-align: justify;\">Por la tarde. subiremos a el ojo del drag\u00f3n. Excursi\u00f3n opcional.<\/p>\n<p style=\"text-align: justify;\">Para informarte puedes escribir a este email: andoni@yumemusic.es<\/p>\n<p>[\/et_pb_blurb][\/et_pb_column][\/et_pb_row][\/et_pb_section][et_pb_section fb_built=\u00bb1&#8243; fullwidth=\u00bbon\u00bb _builder_version=\u00bb4.17.3&#8243; _module_preset=\u00bbdefault\u00bb global_colors_info=\u00bb{}\u00bb][\/et_pb_section]<\/p>\n","protected":false},"excerpt":{"rendered":"<p>El pr\u00f3ximo d\u00eda 6 de Octubre de 10h a 14h, impartir\u00e9 este taller en Sitges, en BONZA, Av. Sof\u00eda, 3 (Entrada Hotel Mediterraneo). Puedes venir sol@ o en pareja, descubrir\u00e1s claves para vivir relaciones sanas y aut\u00e9nticas a todos los niveles (familia, amig@s, pareja, etc&#8230;) Para m\u00e1s informaci\u00f3n: Wasap: 636389441 o email: andoni@yumemusic.es El pr\u00f3ximo [&hellip;]<\/p>\n","protected":false},"author":1,"featured_media":0,"parent":0,"menu_order":0,"comment_status":"closed","ping_status":"closed","template":"","meta":{"_et_pb_use_builder":"on","_et_pb_old_content":"","_et_gb_content_width":"","footnotes":""},"class_list":["post-92","page","type-page","status-publish","hentry"],"_links":{"self":[{"href":"https:\/\/noemiprimo.com\/index.php\/wp-json\/wp\/v2\/pages\/92","targetHints":{"allow":["GET"]}}],"collection":[{"href":"https:\/\/noemiprimo.com\/index.php\/wp-json\/wp\/v2\/pages"}],"about":[{"href":"https:\/\/noemiprimo.com\/index.php\/wp-json\/wp\/v2\/types\/page"}],"author":[{"embeddable":true,"href":"https:\/\/noemiprimo.com\/index.php\/wp-json\/wp\/v2\/users\/1"}],"replies":[{"embeddable":true,"href":"https:\/\/noemiprimo.com\/index.php\/wp-json\/wp\/v2\/comments?post=92"}],"version-history":[{"count":20,"href":"https:\/\/noemiprimo.com\/index.php\/wp-json\/wp\/v2\/pages\/92\/revisions"}],"predecessor-version":[{"id":566,"href":"https:\/\/noemiprimo.com\/index.php\/wp-json\/wp\/v2\/pages\/92\/revisions\/566"}],"wp:attachment":[{"href":"https:\/\/noemiprimo.com\/index.php\/wp-json\/wp\/v2\/media?parent=92"}],"curies":[{"name":"wp","href":"https:\/\/api.w.org\/{rel}","templated":true}]}}