{"id":412,"date":"2024-01-22T13:37:44","date_gmt":"2024-01-22T13:37:44","guid":{"rendered":"https:\/\/noemiprimo.com\/?page_id=412"},"modified":"2024-09-18T17:32:56","modified_gmt":"2024-09-18T17:32:56","slug":"taller-relaciones-autenticas","status":"publish","type":"page","link":"https:\/\/noemiprimo.com\/index.php\/taller-relaciones-autenticas\/","title":{"rendered":"Taller Relaciones Aut\u00e9nticas"},"content":{"rendered":"<p>[et_pb_section fb_built=\u00bb1&#8243; _builder_version=\u00bb4.17.3&#8243; _module_preset=\u00bbdefault\u00bb global_colors_info=\u00bb{}\u00bb][et_pb_row use_custom_gutter=\u00bbon\u00bb _builder_version=\u00bb4.17.3&#8243; _module_preset=\u00bbdefault\u00bb background_color=\u00bb#D6D6D6&#8243; width=\u00bb85%\u00bb custom_margin=\u00bb||||false|false\u00bb global_colors_info=\u00bb{}\u00bb][et_pb_column type=\u00bb4_4&#8243; _builder_version=\u00bb4.17.3&#8243; _module_preset=\u00bbdefault\u00bb global_colors_info=\u00bb{}\u00bb][et_pb_blurb title=\u00bbTaller: Descubre los secretos de las relaciones Aut\u00e9nticas!\u00bb image=\u00bbhttps:\/\/noemiprimo.com\/wp-content\/uploads\/2024\/09\/Noemi_full-51-scaled.jpg\u00bb image_icon_width=\u00bb164%\u00bb _builder_version=\u00bb4.17.3&#8243; _module_preset=\u00bbdefault\u00bb header_font=\u00bbUbuntu||||||||\u00bb header_text_color=\u00bb#000000&#8243; header_font_size=\u00bb36px\u00bb header_letter_spacing=\u00bb3px\u00bb header_line_height=\u00bb1.1em\u00bb background_color=\u00bb#D6D6D6&#8243; text_orientation=\u00bbcenter\u00bb inline_fonts=\u00bbABeeZee,Abhaya Libre,Ubuntu,Yatra One,Abel\u00bb global_colors_info=\u00bb{}\u00bb]<\/p>\n<p style=\"font-weight: 400;\"><span style=\"font-family: ABeeZee; font-weight: normal; font-size: large;\"><strong>(Familia, <span style=\"color: #000000;\"><a href=\"mailto:amig@s,\" style=\"color: #000000;\">amig@s,<\/a> p<\/span>areja, etc.)<\/strong><\/span><\/p>\n<p><span style=\"font-family: Ubuntu; font-weight: normal; font-size: large;\"><strong>Fecha:<\/strong> <b>6-10-24<\/b><\/span><\/p>\n<p><span style=\"font-family: Ubuntu; font-weight: normal; font-size: large;\"><strong>Horario:\u00a0<\/strong>De 10.00h a 14.00h<strong>\u00a0<\/strong><\/span><\/p>\n<p><span style=\"font-family: Ubuntu; font-weight: normal; font-size: large;\"><strong>Lugar:\u00a0<\/strong>Bonza &#8211; Av. Sofia, 3 &#8211; Sitges<\/span><\/p>\n<p><strong>(Entrada Hotel Mediterraneo)<\/strong><span style=\"font-family: Ubuntu; font-weight: normal; font-size: large;\"><\/span><\/p>\n<p><span style=\"font-family: Ubuntu; font-weight: normal; font-size: large;\"><\/span><\/p>\n<p><span style=\"font-family: Ubuntu; font-weight: normal; font-size: large;\"><strong>Inversi\u00f3n:\u00a0<\/strong>75\u20ac\/persona<\/span><\/p>\n<p><span style=\"font-family: Ubuntu; font-weight: normal; font-size: large;\"><strong>ATENCI\u00d3N: Plaza Limitadas!<\/strong><\/span><br \/><span style=\"font-size: large; font-family: Ubuntu; font-weight: normal;\"><\/span><\/p>\n<p><strong><span style=\"font-family: Ubuntu; font-size: large;\"><span style=\"font-family: ABeeZee;\">Ponente:<\/span><\/span><span style=\"font-family: Ubuntu; font-size: large;\">\u00a0N<\/span><span style=\"font-family: Ubuntu; font-size: large;\">oem\u00ed Primo<\/span><\/strong><br \/><span style=\"font-size: large; font-family: Ubuntu; font-weight: normal;\"><\/span><\/p>\n<p><span style=\"font-size: medium; font-family: ABeeZee; font-weight: normal;\"><strong> Colaborador:<\/strong>\u00a0Andoni Leiva<\/span><\/p>\n<p style=\"text-align: left;\"><span style=\"font-family: Ubuntu; font-weight: normal; font-size: large;\">&#8211; <strong>Para reservar tu plaza<\/strong> es necesario hacer un Bizum de 35\u20ac al \u00a0\u00a0<\/span><span style=\"font-family: Ubuntu; font-weight: normal; font-size: large;\">\u00a0N\u00ba: 606 826 325. Se puede anular tu reserva hasta 48h antes del Taller, con la devoluci\u00f3n del importe.<\/span><span style=\"font-size: 14px;\"><\/span><\/p>\n<p style=\"text-align: left;\"><span style=\"font-family: Ubuntu; font-weight: normal; font-size: medium;\"><\/span><\/p>\n<h3><span style=\"font-family: ABeeZee; font-weight: normal; font-size: medium;\"><strong>\u00a0Leit Motiv del Taller: <em>\u201cNo esperes \u00a0a que el otr@ te haga feliz, ven t\u00fa feliz de casa\u201d.<\/em><\/strong><\/span><\/h3>\n<p style=\"font-weight: 400; text-align: left;\"><strong><span style=\"font-family: ABeeZee;\">&#8211; CONTENIDOS: <\/span><\/strong><\/p>\n<ul>\n<li style=\"text-align: left;\">Introducci\u00f3n.<\/li>\n<li style=\"text-align: left;\">Relaciones y cerebro.<\/li>\n<li style=\"text-align: left;\">Tipos de apego.<\/li>\n<li style=\"text-align: left;\">Relaci\u00f3n sana y extraordinaria con un@ mism@.<\/li>\n<li style=\"text-align: left;\">Tipos de relaciones seg\u00fan conexi\u00f3n y cercan\u00eda.<\/li>\n<li style=\"text-align: left;\">T\u00fa y el otro, (familia, pareja, amigos y relaciones laborales).<\/li>\n<li style=\"text-align: left;\">Problemas solubles e insolubles.<\/li>\n<li style=\"text-align: left;\">Salir del estancamiento.<\/li>\n<li style=\"text-align: left;\">Los 5 lenguajes del amor.<\/li>\n<li style=\"text-align: left;\">Amar desde la libertad.<\/li>\n<li style=\"text-align: left;\">Kit de herramientas.<\/li>\n<li style=\"text-align: left;\">Conclusiones finales.<\/li>\n<li style=\"text-align: left;\">Dudas, preguntas y aportaciones.<\/li>\n<\/ul>\n<p style=\"font-weight: 400; text-align: left;\"><strong>&#8211; OBJETIVOS: <\/strong><\/p>\n<ul style=\"text-align: left;\">\n<li>Conseguir una responsabilidad afectiva duradera.<\/li>\n<li>Coraz\u00f3n y cabeza unidos, claves para una relaci\u00f3n feliz.<\/li>\n<li>M\u00e1s y mejor educaci\u00f3n sentimental.<\/li>\n<li>Para estar bien con alguien es imprescindible estar bien con uno mism@. \u201cT\u00fa eres t\u00fa primer amor\u201d.<\/li>\n<li>Entender y conocer lo que es el \u201camor incondicional\u201d.<\/li>\n<li>Desarrollar mi primer amor, el propio.<\/li>\n<\/ul>\n<p style=\"font-weight: 400; text-align: left;\">\u00a0<strong>&#8211; BENEFICIOS: <\/strong><\/p>\n<p style=\"font-weight: 400; text-align: left;\">Al poner en pr\u00e1ctica este taller conseguir\u00e1s:<\/p>\n<ul style=\"text-align: left;\">\n<li>Kit de herramientas \u00fatiles e imprescindible para tu d\u00eda a d\u00eda.<\/li>\n<li>Mayor respuesta emocional y m\u00e1s inteligente.<\/li>\n<li>Mas<span> <\/span>amor, comprensi\u00f3n y menos juicio.<\/li>\n<li>Valorar y apreciar lo que se tiene, no entretenerse en lo que no se tiene (apreciar lo blanco no el punto negro).<\/li>\n<li>Estar m\u00e1s atentos hacia las necesidades del otro porque conocemos <span><\/span>las nuestras.<\/li>\n<li>Mas elogios, cari\u00f1o sincero, mimos y caricias.<\/li>\n<li>Mayor grado de intimidad contigo primero despu\u00e9s con el otr@.<\/li>\n<li>Mejor comunicaci\u00f3n, m\u00e1s asertividad y menos agresividad.<\/li>\n<li>El amor es una elecci\u00f3n no una obligaci\u00f3n. No te conformes.<\/li>\n<\/ul>\n<p style=\"font-weight: 400; text-align: left;\"><strong>&#8211; \u00bfA QUI\u00c9N VA DIRIGIDO? <\/strong><\/p>\n<p style=\"font-weight: 400; text-align: left;\">&#8211; A personas que quieran conocer en profundidad como mejorar su relaci\u00f3n consigo mism@ y con los dem\u00e1s.<\/p>\n<p style=\"font-weight: 400; text-align: left;\">&#8211; A personas que tienen y no tienen pareja y desean tener una relaci\u00f3n sana y<span>\u00a0\u00a0 <\/span>extraordinaria en un futuro.<\/p>\n<p style=\"font-weight: 400; text-align: left;\">&#8211; A personas que desean construir relaciones sanas con su entorno.<\/p>\n<p style=\"font-weight: 400; text-align: left;\">&#8211; A ti, ya que t\u00fa eres t\u00fa primer amor.<\/p>\n<p style=\"font-weight: 400; text-align: left;\"><strong>&#8211; \u00bfQU\u00c9 INCLUYE EL PRECIO DE LOS TALLERES? <\/strong><\/p>\n<ul>\n<li style=\"text-align: left;\">4 horas de taller (75\u20ac\/persona).<\/li>\n<li style=\"text-align: left;\">Apuntes en PDF, <span><\/span>se os enviaran por e-mail en los d\u00edas posteriores, s\u00f3lo a los asistentes a este taller.<\/li>\n<li style=\"text-align: left;\">Recursos digitales: m\u00fasica, Webs y bibliograf\u00eda de inter\u00e9s que se haya empleado durante el taller.<\/li>\n<li style=\"text-align: left;\">Tendr\u00e9is a vuestra disposici\u00f3n mis conocimientos y experiencia durante y despu\u00e9s del taller a trav\u00e9s del e-mail.<\/li>\n<li style=\"text-align: left;\">Mi compromiso y responsabilidad elegida. Para mi todo lo que comparto es una herramienta de valor, que no s\u00f3lo me ha cambiado la vida y me ha ayudado a conocerme mejor, <span><\/span>sino que por ende me ha tra\u00eddo el regalo de tener relaciones sanas y extraordinarias <span>\u00a0<\/span>con los dem\u00e1s.<\/li>\n<li style=\"text-align: left;\">No hemos venido a este mundo a sufrir o a sobrevivir sino a convertirnos en seres humanos especiales, plenos, conscientes y satisfechos.<\/li>\n<li style=\"text-align: left;\">Pr\u00e1cticas, reflexiones, ejercicios \u00fatiles y divertidos que en ning\u00fan momento te har\u00e1n sentirte mal o te pondr\u00e1n en evidencia, sino que ser\u00e1n el impulso y la inspiraci\u00f3n para ponerte en acci\u00f3n y como resultado cambiar lo que te hace sufrir.<\/li>\n<\/ul>\n<p style=\"font-weight: 400; text-align: left;\"><strong>&#8211; \u00bfQUI\u00c9N IMPARTE LOS TALLERES? <\/strong><\/p>\n<p style=\"font-weight: 400; text-align: left;\">Hola, me llamo <strong>Noem\u00ed Primo<\/strong>, tengo el enorme privilegio de trabajar en lo que me apasiona.<\/p>\n<p style=\"font-weight: 400; text-align: left;\"><span style=\"font-size: 14px;\"><img loading=\"lazy\" decoding=\"async\" src=\"https:\/\/noemiprimo.com\/wp-content\/uploads\/2022\/05\/Foto-web-sobre-mi-300x262.png\" width=\"255\" height=\"223\" alt=\"\" class=\"wp-image-140 alignnone size-medium\" \/><\/span><span style=\"font-size: 14px;\">\u00a0<\/span><\/p>\n<p style=\"font-weight: 400; text-align: left;\">Soy Psic\u00f3loga ( n\u00ba de colegiada: 26197), M\u00fasico, Master en Musicoterapia y Master en Psicolog\u00eda Positiva y Mindfulness (IEPP).<\/p>\n<p style=\"font-weight: 400; text-align: left;\">Mi orientaci\u00f3n terap\u00e9utica es ecl\u00e9ctica (abarcando desde la Psicolog\u00eda Positiva en evoluci\u00f3n hacia una Psicolog\u00eda m\u00e1s Transpersonal), siempre teniendo en cuenta las caracter\u00edsticas y necesidades personales de cada paciente\/cliente que decide confiar en m\u00ed.<\/p>\n<p style=\"font-weight: 400; text-align: left;\"><strong>Mi formaci\u00f3n es la siguiente: <\/strong><\/p>\n<ul>\n<li style=\"text-align: left;\">Me he especializado en Neurociencia de la Felicidad.<\/li>\n<li style=\"text-align: left;\">Coaching de Salud (International Coach Federation).<\/li>\n<li style=\"text-align: left;\">Master en la ECAM (Escuela de Alimentaci\u00f3n Consciente).<\/li>\n<li style=\"text-align: left;\">T\u00e9cnicas de Tercera Generaci\u00f3n (EMDR, PNL, Hipnosis Eriksoniana, Eneagrama, SHEC (Sincronizaci\u00f3n de hemisferios cerebrales), Hoponopono, TEB (terapia estrat\u00e9gica breve), T\u00e9cnicas de Terapia Gestalt.<\/li>\n<li style=\"text-align: left;\">Coautora del libro: \u201cLa armon\u00eda del orden\u201d.<\/li>\n<li style=\"text-align: left;\">Autora del libro: \u201cEl quinteto de la felicidad\u201d.<\/li>\n<li style=\"text-align: left;\">Soy creadora y directora de mi propio proyecto \u201cYume\u201d, y de un m\u00e9todo de Terapia de Desarrollo Personal (TCP) en honor a mi padre Carlos Primo.<\/li>\n<li style=\"text-align: left;\">En la actualidad, me encuentro centrada en el campo de la investigaci\u00f3n de las \u00e1reas cerebrales y neurotransmisores que potencian nuestro bienestar no s\u00f3lo a nivel emocional sino a nivel hol\u00edstico (mente, emoci\u00f3n, cuerpo y esp\u00edritu), y c\u00f3mo podemos potenciarlos (Neurociencia de la Felicidad).<\/li>\n<li style=\"text-align: left;\">Adem\u00e1s de realizar consultas presenciales y por Skype con m\u00e1s de 15 a\u00f1os de experiencia, tambi\u00e9n organizo conferencias, workshop y cursos online,\u00a0tanto de temas relacionados con la Neurociencia de la felicidad, la Psicolog\u00eda Positiva, la Musicoterapia y el Bienestar a nivel Integral.<\/li>\n<li style=\"text-align: left;\">Dedico mi tiempo y mi vida a investigar todo aquello que nos hace humanos, y como potenciar las incre\u00edbles herramientas que se nos han concedido \u201cnuestro apasionante cerebro, nuestro incre\u00edble cuerpo y nuestro inmenso coraz\u00f3n\u201d.<span> <\/span><\/li>\n<\/ul>\n<p>[\/et_pb_blurb][\/et_pb_column][\/et_pb_row][et_pb_row _builder_version=\u00bb4.17.3&#8243; _module_preset=\u00bbdefault\u00bb global_colors_info=\u00bb{}\u00bb][et_pb_column type=\u00bb4_4&#8243; _builder_version=\u00bb4.17.3&#8243; _module_preset=\u00bbdefault\u00bb global_colors_info=\u00bb{}\u00bb][et_pb_cta title=\u00bbMe Apunto!\u00bb button_url=\u00bbmailto:andoni@andonileiva.com\u00bb url_new_window=\u00bbon\u00bb button_text=\u00bbClic\u00bb _builder_version=\u00bb4.17.3&#8243; _module_preset=\u00bbdefault\u00bb header_font_size=\u00bb33px\u00bb link_option_url_new_window=\u00bbon\u00bb global_colors_info=\u00bb{}\u00bb]<\/p>\n<p style=\"text-align: center;\"><strong><span style=\"color: #000000;\">Pincha y entrar\u00e1s en un e-mail donde se te dar\u00e1n las instrucciones para reservar tu plaza y se te resolver\u00e1n posibles dudas. ATENCI\u00d3N: Plaza Limitadas!<\/span><\/strong><\/p>\n<p style=\"text-align: center;\"><strong><span style=\"color: #000000;\">Muchas Gracias!<\/span><\/strong><\/p>\n<p>[\/et_pb_cta][\/et_pb_column][\/et_pb_row][\/et_pb_section][et_pb_section fb_built=\u00bb1&#8243; _builder_version=\u00bb4.17.3&#8243; _module_preset=\u00bbdefault\u00bb global_colors_info=\u00bb{}\u00bb][\/et_pb_section]<\/p>\n","protected":false},"excerpt":{"rendered":"<p>(Familia, amig@s, pareja, etc.) Fecha: 6-10-24 Horario:\u00a0De 10.00h a 14.00h\u00a0 Lugar:\u00a0Bonza &#8211; Av. Sofia, 3 &#8211; Sitges (Entrada Hotel Mediterraneo) Inversi\u00f3n:\u00a075\u20ac\/persona ATENCI\u00d3N: Plaza Limitadas! Ponente:\u00a0Noem\u00ed Primo Colaborador:\u00a0Andoni Leiva &#8211; Para reservar tu plaza es necesario hacer un Bizum de 35\u20ac al \u00a0\u00a0\u00a0N\u00ba: 606 826 325. Se puede anular tu reserva hasta 48h antes del Taller, [&hellip;]<\/p>\n","protected":false},"author":1,"featured_media":0,"parent":0,"menu_order":0,"comment_status":"closed","ping_status":"closed","template":"","meta":{"_et_pb_use_builder":"on","_et_pb_old_content":"","_et_gb_content_width":"","footnotes":""},"class_list":["post-412","page","type-page","status-publish","hentry"],"_links":{"self":[{"href":"https:\/\/noemiprimo.com\/index.php\/wp-json\/wp\/v2\/pages\/412","targetHints":{"allow":["GET"]}}],"collection":[{"href":"https:\/\/noemiprimo.com\/index.php\/wp-json\/wp\/v2\/pages"}],"about":[{"href":"https:\/\/noemiprimo.com\/index.php\/wp-json\/wp\/v2\/types\/page"}],"author":[{"embeddable":true,"href":"https:\/\/noemiprimo.com\/index.php\/wp-json\/wp\/v2\/users\/1"}],"replies":[{"embeddable":true,"href":"https:\/\/noemiprimo.com\/index.php\/wp-json\/wp\/v2\/comments?post=412"}],"version-history":[{"count":32,"href":"https:\/\/noemiprimo.com\/index.php\/wp-json\/wp\/v2\/pages\/412\/revisions"}],"predecessor-version":[{"id":581,"href":"https:\/\/noemiprimo.com\/index.php\/wp-json\/wp\/v2\/pages\/412\/revisions\/581"}],"wp:attachment":[{"href":"https:\/\/noemiprimo.com\/index.php\/wp-json\/wp\/v2\/media?parent=412"}],"curies":[{"name":"wp","href":"https:\/\/api.w.org\/{rel}","templated":true}]}}