{"id":234,"date":"2022-06-14T15:58:51","date_gmt":"2022-06-14T15:58:51","guid":{"rendered":"http:\/\/noemiprimo.com\/index.php\/psicologia-positiva-copy-2\/"},"modified":"2022-06-16T14:53:51","modified_gmt":"2022-06-16T14:53:51","slug":"psicologia-positiva-copy-2","status":"publish","type":"page","link":"https:\/\/noemiprimo.com\/index.php\/psicologia-positiva-copy-2\/","title":{"rendered":"MusicoTerapia"},"content":{"rendered":"<p>[et_pb_section fb_built=\u00bb1&#8243; _builder_version=\u00bb4.17.3&#8243; _module_preset=\u00bbdefault\u00bb background_image=\u00bbhttp:\/\/noemiprimo.com\/wp-content\/uploads\/2022\/06\/Musico-Web.jpg\u00bb background_size=\u00bbcustom\u00bb background_image_width=\u00bb17%\u00bb background_image_height=\u00bb91%\u00bb background_position=\u00bbcenter_right\u00bb background_horizontal_offset=\u00bb22%\u00bb custom_padding=\u00bb||54px|||\u00bb global_colors_info=\u00bb{}\u00bb][et_pb_row _builder_version=\u00bb4.17.3&#8243; _module_preset=\u00bbdefault\u00bb global_colors_info=\u00bb{}\u00bb][et_pb_column type=\u00bb4_4&#8243; _builder_version=\u00bb4.17.3&#8243; _module_preset=\u00bbdefault\u00bb global_colors_info=\u00bb{}\u00bb][et_pb_post_title meta=\u00bboff\u00bb featured_image=\u00bboff\u00bb _builder_version=\u00bb4.17.3&#8243; _module_preset=\u00bbdefault\u00bb title_font=\u00bbABeeZee|700|||||||\u00bb title_font_size=\u00bb34px\u00bb global_colors_info=\u00bb{}\u00bb][\/et_pb_post_title][\/et_pb_column][\/et_pb_row][\/et_pb_section][et_pb_section fb_built=\u00bb1&#8243; _builder_version=\u00bb4.17.3&#8243; _module_preset=\u00bbdefault\u00bb global_colors_info=\u00bb{}\u00bb][et_pb_row _builder_version=\u00bb4.17.3&#8243; _module_preset=\u00bbdefault\u00bb global_colors_info=\u00bb{}\u00bb][et_pb_column type=\u00bb4_4&#8243; _builder_version=\u00bb4.17.3&#8243; _module_preset=\u00bbdefault\u00bb global_colors_info=\u00bb{}\u00bb][et_pb_text _builder_version=\u00bb4.17.3&#8243; _module_preset=\u00bbdefault\u00bb hover_enabled=\u00bb0&#8243; inline_fonts=\u00bbABeeZee\u00bb global_colors_info=\u00bb{}\u00bb sticky_enabled=\u00bb0&#8243;]<\/p>\n<div class=\"wpb_text_column wpb_content_element \">\n<div class=\"wpb_wrapper\">\n<p>La Musicoterapia no es una terapia alternativa, y es mucho m\u00e1s que unas notas musicales y una serie de compases bien armonizados. Es una disciplina cient\u00edfica que est\u00e1 ocupando un lugar merecido y destacado en las consultas, centros sanitarios y universidades de nuestro pa\u00eds.<\/p>\n<p>La musicoterapia es la funci\u00f3n terap\u00e9utica de la m\u00fasica. Se puede definir como la aproximaci\u00f3n sensorial sonora con intenci\u00f3n terap\u00e9utica que emplea la m\u00fasica y\/o sus elementos (sonido, ritmo, melod\u00eda y armon\u00eda).<\/p>\n<p>La terapia musical se utiliza para gestionar las emociones, despertar la atenci\u00f3n, mejorar la concentraci\u00f3n y estimular la memoria, as\u00ed como para potenciar las facultades de asociaci\u00f3n e imaginaci\u00f3n.<\/p>\n<p>Desde edades muy tempranas, la m\u00fasica influye en el desarrollo de la memoria auditiva para poder reconocer voces, sonidos y melod\u00edas y adem\u00e1s una de las grandes ventajas que ofrece la musicoterapia es que logra poner de manifiesto muchas patolog\u00edas que no pueden salir a flote con las terapias tradicionales.<\/p>\n<p><strong>Hago sesiones presenciales en Sitges y tambi\u00e9n Online.<\/strong><\/p>\n<p><strong>Si deseas m\u00e1s informaci\u00f3n o solicitar una cita, me puedes escribir a mi email: <a href=\"mailto:noemi@yumemusic.es\">noemi@yumemusic.es<\/a><\/strong><\/p>\n<\/div>\n<\/div>\n<p style=\"text-align: justify;\"><span style=\"font-family: ABeeZee; font-weight: normal;\"><\/span><\/p>\n<p>[\/et_pb_text][\/et_pb_column][\/et_pb_row][\/et_pb_section]<\/p>\n","protected":false},"excerpt":{"rendered":"<p>La Musicoterapia no es una terapia alternativa, y es mucho m\u00e1s que unas notas musicales y una serie de compases bien armonizados. Es una disciplina cient\u00edfica que est\u00e1 ocupando un lugar merecido y destacado en las consultas, centros sanitarios y universidades de nuestro pa\u00eds. La musicoterapia es la funci\u00f3n terap\u00e9utica de la m\u00fasica. Se puede [&hellip;]<\/p>\n","protected":false},"author":1,"featured_media":0,"parent":0,"menu_order":0,"comment_status":"closed","ping_status":"closed","template":"","meta":{"_et_pb_use_builder":"on","_et_pb_old_content":"","_et_gb_content_width":"","footnotes":""},"class_list":["post-234","page","type-page","status-publish","hentry"],"_links":{"self":[{"href":"https:\/\/noemiprimo.com\/index.php\/wp-json\/wp\/v2\/pages\/234","targetHints":{"allow":["GET"]}}],"collection":[{"href":"https:\/\/noemiprimo.com\/index.php\/wp-json\/wp\/v2\/pages"}],"about":[{"href":"https:\/\/noemiprimo.com\/index.php\/wp-json\/wp\/v2\/types\/page"}],"author":[{"embeddable":true,"href":"https:\/\/noemiprimo.com\/index.php\/wp-json\/wp\/v2\/users\/1"}],"replies":[{"embeddable":true,"href":"https:\/\/noemiprimo.com\/index.php\/wp-json\/wp\/v2\/comments?post=234"}],"version-history":[{"count":3,"href":"https:\/\/noemiprimo.com\/index.php\/wp-json\/wp\/v2\/pages\/234\/revisions"}],"predecessor-version":[{"id":298,"href":"https:\/\/noemiprimo.com\/index.php\/wp-json\/wp\/v2\/pages\/234\/revisions\/298"}],"wp:attachment":[{"href":"https:\/\/noemiprimo.com\/index.php\/wp-json\/wp\/v2\/media?parent=234"}],"curies":[{"name":"wp","href":"https:\/\/api.w.org\/{rel}","templated":true}]}}