{"id":228,"date":"2022-06-14T15:48:18","date_gmt":"2022-06-14T15:48:18","guid":{"rendered":"http:\/\/noemiprimo.com\/index.php\/psicologia-positiva-copy\/"},"modified":"2024-06-14T18:01:22","modified_gmt":"2024-06-14T18:01:22","slug":"psicologia-positiva-copy","status":"publish","type":"page","link":"https:\/\/noemiprimo.com\/index.php\/psicologia-positiva-copy\/","title":{"rendered":"NeuroFelicidad"},"content":{"rendered":"<p>[et_pb_section fb_built=\u00bb1&#8243; _builder_version=\u00bb4.17.3&#8243; _module_preset=\u00bbdefault\u00bb background_image=\u00bbhttps:\/\/noemiprimo.com\/wp-content\/uploads\/2022\/05\/noemi0015-scaled.jpg\u00bb background_size=\u00bbcustom\u00bb background_image_width=\u00bb17%\u00bb background_image_height=\u00bb91%\u00bb background_position=\u00bbcenter_right\u00bb background_horizontal_offset=\u00bb22%\u00bb custom_padding=\u00bb||54px|||\u00bb global_colors_info=\u00bb{}\u00bb][et_pb_row _builder_version=\u00bb4.17.3&#8243; _module_preset=\u00bbdefault\u00bb global_colors_info=\u00bb{}\u00bb][et_pb_column type=\u00bb4_4&#8243; _builder_version=\u00bb4.17.3&#8243; _module_preset=\u00bbdefault\u00bb global_colors_info=\u00bb{}\u00bb][et_pb_post_title meta=\u00bboff\u00bb featured_image=\u00bboff\u00bb _builder_version=\u00bb4.17.3&#8243; _module_preset=\u00bbdefault\u00bb title_font=\u00bbABeeZee|700|||||||\u00bb title_font_size=\u00bb34px\u00bb global_colors_info=\u00bb{}\u00bb][\/et_pb_post_title][\/et_pb_column][\/et_pb_row][\/et_pb_section][et_pb_section fb_built=\u00bb1&#8243; _builder_version=\u00bb4.17.3&#8243; _module_preset=\u00bbdefault\u00bb global_colors_info=\u00bb{}\u00bb][et_pb_row _builder_version=\u00bb4.17.3&#8243; _module_preset=\u00bbdefault\u00bb global_colors_info=\u00bb{}\u00bb][et_pb_column type=\u00bb4_4&#8243; _builder_version=\u00bb4.17.3&#8243; _module_preset=\u00bbdefault\u00bb global_colors_info=\u00bb{}\u00bb][et_pb_text _builder_version=\u00bb4.17.3&#8243; _module_preset=\u00bbdefault\u00bb inline_fonts=\u00bbABeeZee\u00bb global_colors_info=\u00bb{}\u00bb]<\/p>\n<p style=\"text-align: justify;\"><span>La neurofelicidad es un campo emergente que combina principios de la neurociencia y la psicolog\u00eda para entender c\u00f3mo el cerebro y los procesos neuronales influyen en nuestro bienestar y felicidad. Este enfoque se centra en investigar y aplicar conocimientos sobre c\u00f3mo las conexiones neuronales, neurotransmisores, y otras funciones cerebrales pueden ser optimizadas para mejorar el estado emocional y la calidad de vida de las personas.<\/span><\/p>\n<h3><strong><span style=\"font-size: medium;\">Conceptos Clave de la Neurofelicidad<\/span><\/strong><\/h3>\n<ol>\n<li>\n<p><strong>Neuroplasticidad<\/strong>: La capacidad del cerebro para reorganizarse y formar nuevas conexiones neuronales en respuesta a la experiencia y el aprendizaje. Practicar h\u00e1bitos positivos y pensamientos optimistas puede fortalecer las v\u00edas neuronales asociadas con la felicidad.<\/p>\n<\/li>\n<li>\n<p><strong>Neurotransmisores<\/strong>: Sustancias qu\u00edmicas del cerebro, como la serotonina, dopamina y oxitocina, que juegan roles cruciales en la regulaci\u00f3n del estado de \u00e1nimo y la felicidad. Entender c\u00f3mo estos neurotransmisores funcionan puede ayudar a desarrollar estrategias para incrementar su actividad y, por ende, el bienestar.<\/p>\n<\/li>\n<li>\n<p><strong>Mindfulness y Meditaci\u00f3n<\/strong>: Estas pr\u00e1cticas han demostrado tener efectos positivos en la estructura y funci\u00f3n cerebral, promoviendo estados de calma y felicidad. La meditaci\u00f3n puede aumentar la densidad de la materia gris en \u00e1reas del cerebro asociadas con la regulaci\u00f3n emocional y la autoconciencia.<\/p>\n<\/li>\n<li>\n<p><strong>Estilo de Vida<\/strong>: Factores como la alimentaci\u00f3n, el ejercicio y el sue\u00f1o tienen un impacto significativo en la salud cerebral y, por lo tanto, en la felicidad. Adoptar un estilo de vida saludable puede potenciar la neurofelicidad al optimizar la funci\u00f3n cerebral.<\/p>\n<\/li>\n<\/ol>\n<p><span>La neurofelicidad ofrece un enfoque innovador y basado en la ciencia para alcanzar un bienestar \u00f3ptimo. Al entender c\u00f3mo el cerebro y los procesos neuronales influyen en nuestras emociones y estados de \u00e1nimo, podemos adoptar estrategias efectivas para vivir una vida m\u00e1s feliz y equilibrada. Explora m\u00e1s sobre c\u00f3mo la neurofelicidad puede transformar tu vida y descubre herramientas pr\u00e1cticas para mejorar tu bienestar en mi web.<\/span><\/p>\n<p style=\"text-align: justify;\"><span><\/span><\/p>\n<p style=\"text-align: justify;\"><span><\/span><\/p>\n<p><strong>Hago sesiones presenciales en Sitges y tambi\u00e9n sesiones Online.<\/strong><\/p>\n<p><strong>Si deseas m\u00e1s informaci\u00f3n o solicitar una cita, me puedes escribir a mi email: <a href=\"mailto:noemi@yumemusic.es\">noemi@yumemusic.es<\/a><\/strong><\/p>\n<p><span style=\"font-family: ABeeZee; font-weight: normal;\"><\/span><\/p>\n<p>[\/et_pb_text][\/et_pb_column][\/et_pb_row][\/et_pb_section]<\/p>\n","protected":false},"excerpt":{"rendered":"<p>La neurofelicidad es un campo emergente que combina principios de la neurociencia y la psicolog\u00eda para entender c\u00f3mo el cerebro y los procesos neuronales influyen en nuestro bienestar y felicidad. Este enfoque se centra en investigar y aplicar conocimientos sobre c\u00f3mo las conexiones neuronales, neurotransmisores, y otras funciones cerebrales pueden ser optimizadas para mejorar el [&hellip;]<\/p>\n","protected":false},"author":1,"featured_media":0,"parent":0,"menu_order":0,"comment_status":"closed","ping_status":"closed","template":"","meta":{"_et_pb_use_builder":"on","_et_pb_old_content":"","_et_gb_content_width":"","footnotes":""},"class_list":["post-228","page","type-page","status-publish","hentry"],"_links":{"self":[{"href":"https:\/\/noemiprimo.com\/index.php\/wp-json\/wp\/v2\/pages\/228","targetHints":{"allow":["GET"]}}],"collection":[{"href":"https:\/\/noemiprimo.com\/index.php\/wp-json\/wp\/v2\/pages"}],"about":[{"href":"https:\/\/noemiprimo.com\/index.php\/wp-json\/wp\/v2\/types\/page"}],"author":[{"embeddable":true,"href":"https:\/\/noemiprimo.com\/index.php\/wp-json\/wp\/v2\/users\/1"}],"replies":[{"embeddable":true,"href":"https:\/\/noemiprimo.com\/index.php\/wp-json\/wp\/v2\/comments?post=228"}],"version-history":[{"count":6,"href":"https:\/\/noemiprimo.com\/index.php\/wp-json\/wp\/v2\/pages\/228\/revisions"}],"predecessor-version":[{"id":503,"href":"https:\/\/noemiprimo.com\/index.php\/wp-json\/wp\/v2\/pages\/228\/revisions\/503"}],"wp:attachment":[{"href":"https:\/\/noemiprimo.com\/index.php\/wp-json\/wp\/v2\/media?parent=228"}],"curies":[{"name":"wp","href":"https:\/\/api.w.org\/{rel}","templated":true}]}}