{"id":198,"date":"2022-06-14T14:41:51","date_gmt":"2022-06-14T14:41:51","guid":{"rendered":"http:\/\/noemiprimo.com\/?page_id=198"},"modified":"2024-06-19T09:32:53","modified_gmt":"2024-06-19T09:32:53","slug":"psicologia-positiva","status":"publish","type":"page","link":"https:\/\/noemiprimo.com\/index.php\/psicologia-positiva\/","title":{"rendered":"Psicolog\u00eda Integrativa"},"content":{"rendered":"<p>[et_pb_section fb_built=\u00bb1&#8243; _builder_version=\u00bb4.17.3&#8243; _module_preset=\u00bbdefault\u00bb background_image=\u00bbhttps:\/\/noemiprimo.com\/wp-content\/uploads\/2024\/06\/Noemi_full-30-copia.jpg\u00bb background_size=\u00bbcustom\u00bb background_image_width=\u00bb17%\u00bb background_image_height=\u00bb91%\u00bb background_position=\u00bbcenter_right\u00bb background_horizontal_offset=\u00bb22%\u00bb custom_padding=\u00bb||54px|||\u00bb hover_enabled=\u00bb0&#8243; global_colors_info=\u00bb{}\u00bb title_text=\u00bbNoem\u00ed_full-30 copia\u00bb sticky_enabled=\u00bb0&#8243;][et_pb_row _builder_version=\u00bb4.17.3&#8243; _module_preset=\u00bbdefault\u00bb global_colors_info=\u00bb{}\u00bb][et_pb_column type=\u00bb4_4&#8243; _builder_version=\u00bb4.17.3&#8243; _module_preset=\u00bbdefault\u00bb global_colors_info=\u00bb{}\u00bb][et_pb_post_title meta=\u00bboff\u00bb featured_image=\u00bboff\u00bb _builder_version=\u00bb4.17.3&#8243; _module_preset=\u00bbdefault\u00bb title_font=\u00bbABeeZee|700|||||||\u00bb title_font_size=\u00bb34px\u00bb global_colors_info=\u00bb{}\u00bb][\/et_pb_post_title][\/et_pb_column][\/et_pb_row][\/et_pb_section][et_pb_section fb_built=\u00bb1&#8243; _builder_version=\u00bb4.17.3&#8243; _module_preset=\u00bbdefault\u00bb global_colors_info=\u00bb{}\u00bb][et_pb_row _builder_version=\u00bb4.17.3&#8243; _module_preset=\u00bbdefault\u00bb custom_padding=\u00bb||27px|||\u00bb global_colors_info=\u00bb{}\u00bb][et_pb_column type=\u00bb4_4&#8243; _builder_version=\u00bb4.17.3&#8243; _module_preset=\u00bbdefault\u00bb global_colors_info=\u00bb{}\u00bb][et_pb_text _builder_version=\u00bb4.17.3&#8243; _module_preset=\u00bbdefault\u00bb inline_fonts=\u00bbABeeZee\u00bb global_colors_info=\u00bb{}\u00bb]<\/p>\n<div class=\"flex flex-grow flex-col max-w-full\">\n<div data-message-author-role=\"assistant\" data-message-id=\"45c93b1e-d363-4b9f-942e-b5db8306da08\" dir=\"auto\" class=\"min-h-[20px] text-message flex flex-col items-start whitespace-pre-wrap break-words [.text-message+&amp;]:mt-5 juice:w-full juice:items-end overflow-x-auto gap-2\">\n<div class=\"flex w-full flex-col gap-1 juice:empty:hidden juice:first:pt-[3px]\">\n<div class=\"markdown prose w-full break-words dark:prose-invert light\">\n<p>En La psicolog\u00eda integrativa es un enfoque de la psicolog\u00eda que combina diferentes teor\u00edas y t\u00e9cnicas de varias corrientes psicol\u00f3gicas para proporcionar un tratamiento m\u00e1s hol\u00edstico y personalizado. En lugar de adherirse estrictamente a un solo paradigma, los psic\u00f3logos integrativos utilizamos m\u00e9todos y conceptos de m\u00faltiples escuelas de pensamiento para abordar las necesidades espec\u00edficas de cada paciente. Esto puede incluir elementos del psicoan\u00e1lisis, la terapia cognitivo-conductual, la terapia humanista, la terapia gestalt, la terapia sist\u00e9mica, la psicolog\u00eda positiva y otras.<\/p>\n<p>El objetivo principal de la psicolog\u00eda integrativa es adaptar el tratamiento a la persona en lugar de adaptar a la persona a un tratamiento espec\u00edfico. Esto permite una mayor flexibilidad y la posibilidad de trabajar con una amplia gama de problemas psicol\u00f3gicos y emocionales.<\/p>\n<p>Algunos principios clave de la psicolog\u00eda integrativa incluyen:<\/p>\n<ol>\n<li><strong>Enfoque hol\u00edstico<\/strong>: Considera todos los aspectos de la persona, incluidos los aspectos emocionales, mentales, f\u00edsicos y espirituales.<\/li>\n<li><strong>Flexibilidad<\/strong>: Utiliza diversas t\u00e9cnicas y teor\u00edas seg\u00fan las necesidades del paciente.<\/li>\n<li><strong>Individualizaci\u00f3n<\/strong>: El tratamiento se personaliza para ajustarse a las caracter\u00edsticas y necesidades \u00fanicas del individuo.<\/li>\n<li><strong>\u00c9nfasis en la relaci\u00f3n terap\u00e9utica<\/strong>: La relaci\u00f3n entre el psic\u00f3logo y el paciente es central para el proceso terap\u00e9utico.<\/li>\n<li><strong>Crecimiento personal<\/strong>: Fomenta el desarrollo y la auto-conocimiento del individuo, (eneagrama).<\/li>\n<\/ol>\n<p>La psicolog\u00eda integrativa busca ofrecer un enfoque m\u00e1s inclusivo y completo para la comprensi\u00f3n y el tratamiento de la mente humana, reconociendo que no existe una \u00fanica manera de abordar los problemas psicol\u00f3gicos y que cada individuo es \u00fanico en su experiencia vital y necesidades.<\/p>\n<\/div>\n<\/div>\n<\/div>\n<\/div>\n<div class=\"mt-1 flex gap-3 empty:hidden juice:-ml-3\">\n<div class=\"items-center justify-start rounded-xl p-1 flex\">\n<div class=\"flex items-center\">\n<p><span class=\"\" data-state=\"closed\"><button class=\"rounded-lg text-token-text-secondary hover:bg-token-main-surface-secondary\"><span class=\"flex h-[30px] w-[30px] items-center justify-center\"><svg width=\"24\" height=\"24\" viewbox=\"0 0 24 24\" fill=\"none\" xmlns=\"http:\/\/www.w3.org\/2000\/svg\" class=\"icon-md-heavy\"><path fill-rule=\"evenodd\" clip-rule=\"evenodd\" d=\"M11 4.9099C11 4.47485 10.4828 4.24734 10.1621 4.54132L6.67572 7.7372C6.49129 7.90626 6.25019 8.00005 6 8.00005H4C3.44772 8.00005 3 8.44776 3 9.00005V15C3 15.5523 3.44772 16 4 16H6C6.25019 16 6.49129 16.0938 6.67572 16.2629L10.1621 19.4588C10.4828 19.7527 11 19.5252 11 19.0902V4.9099ZM8.81069 3.06701C10.4142 1.59714 13 2.73463 13 4.9099V19.0902C13 21.2655 10.4142 22.403 8.81069 20.9331L5.61102 18H4C2.34315 18 1 16.6569 1 15V9.00005C1 7.34319 2.34315 6.00005 4 6.00005H5.61102L8.81069 3.06701ZM20.3166 6.35665C20.8019 6.09313 21.409 6.27296 21.6725 6.75833C22.5191 8.3176 22.9996 10.1042 22.9996 12.0001C22.9996 13.8507 22.5418 15.5974 21.7323 17.1302C21.4744 17.6185 20.8695 17.8054 20.3811 17.5475C19.8927 17.2896 19.7059 16.6846 19.9638 16.1962C20.6249 14.9444 20.9996 13.5175 20.9996 12.0001C20.9996 10.4458 20.6064 8.98627 19.9149 7.71262C19.6514 7.22726 19.8312 6.62017 20.3166 6.35665ZM15.7994 7.90049C16.241 7.5688 16.8679 7.65789 17.1995 8.09947C18.0156 9.18593 18.4996 10.5379 18.4996 12.0001C18.4996 13.3127 18.1094 14.5372 17.4385 15.5604C17.1357 16.0222 16.5158 16.1511 16.0539 15.8483C15.5921 15.5455 15.4632 14.9255 15.766 14.4637C16.2298 13.7564 16.4996 12.9113 16.4996 12.0001C16.4996 10.9859 16.1653 10.0526 15.6004 9.30063C15.2687 8.85905 15.3578 8.23218 15.7994 7.90049Z\" fill=\"currentColor\"><\/path><\/svg><\/span><\/button><\/span><span class=\"\" data-state=\"closed\"><button class=\"rounded-lg text-token-text-secondary hover:bg-token-main-surface-secondary\"><span class=\"flex h-[30px] w-[30px] items-center justify-center\"><svg xmlns=\"http:\/\/www.w3.org\/2000\/svg\" width=\"24\" height=\"24\" fill=\"none\" viewbox=\"0 0 24 24\" class=\"icon-md-heavy\"><path fill=\"currentColor\" fill-rule=\"evenodd\" d=\"M7 5a3 3 0 0 1 3-3h9a3 3 0 0 1 3 3v9a3 3 0 0 1-3 3h-2v2a3 3 0 0 1-3 3H5a3 3 0 0 1-3-3v-9a3 3 0 0 1 3-3h2zm2 2h5a3 3 0 0 1 3 3v5h2a1 1 0 0 0 1-1V5a1 1 0 0 0-1-1h-9a1 1 0 0 0-1 1zM5 9a1 1 0 0 0-1 1v9a1 1 0 0 0 1 1h9a1 1 0 0 0 1-1v-9a1 1 0 0 0-1-1z\" clip-rule=\"evenodd\"><\/path><\/svg><\/span><\/button><\/span><span class=\"\" data-state=\"closed\"><button class=\"rounded-lg text-token-text-secondary hover:bg-token-main-surface-secondary\"><span class=\"flex h-[30px] w-[30px] items-center justify-center\"><svg xmlns=\"http:\/\/www.w3.org\/2000\/svg\" width=\"24\" height=\"24\" fill=\"none\" viewbox=\"0 0 24 24\" class=\"icon-md-heavy\"><path fill=\"currentColor\" d=\"M3.07 10.876C3.623 6.436 7.41 3 12 3a9.15 9.15 0 0 1 6.012 2.254V4a1 1 0 1 1 2 0v4a1 1 0 0 1-1 1H15a1 1 0 1 1 0-2h1.957A7.15 7.15 0 0 0 12 5a7 7 0 0 0-6.946 6.124 1 1 0 1 1-1.984-.248m16.992 1.132a1 1 0 0 1 .868 1.116C20.377 17.564 16.59 21 12 21a9.15 9.15 0 0 1-6-2.244V20a1 1 0 1 1-2 0v-4a1 1 0 0 1 1-1h4a1 1 0 1 1 0 2H7.043A7.15 7.15 0 0 0 12 19a7 7 0 0 0 6.946-6.124 1 1 0 0 1 1.116-.868\"><\/path><\/svg><\/span><\/button><\/span><\/p>\n<div class=\"flex items-center pb-0.5 juice:pb-0\"><\/div>\n<\/div>\n<\/div>\n<\/div>\n<p><strong>Hago sesiones presenciales en Sitges y tambi\u00e9n Online.<\/strong><\/p>\n<p style=\"text-align: justify;\"><strong>Si deseas m\u00e1s informaci\u00f3n o solicitar una cita, me puedes escribir a mi email: <a href=\"mailto:noemi@yumemusic.es\">noemi@yumemusic.es<\/a><\/strong><span style=\"font-family: ABeeZee; font-weight: normal;\"><\/span><\/p>\n<p style=\"text-align: justify;\"><span style=\"font-family: ABeeZee; font-weight: normal;\"><\/span><\/p>\n<p>[\/et_pb_text][\/et_pb_column][\/et_pb_row][\/et_pb_section]<\/p>\n","protected":false},"excerpt":{"rendered":"<p>En La psicolog\u00eda integrativa es un enfoque de la psicolog\u00eda que combina diferentes teor\u00edas y t\u00e9cnicas de varias corrientes psicol\u00f3gicas para proporcionar un tratamiento m\u00e1s hol\u00edstico y personalizado. En lugar de adherirse estrictamente a un solo paradigma, los psic\u00f3logos integrativos utilizamos m\u00e9todos y conceptos de m\u00faltiples escuelas de pensamiento para abordar las necesidades espec\u00edficas de [&hellip;]<\/p>\n","protected":false},"author":1,"featured_media":0,"parent":0,"menu_order":0,"comment_status":"closed","ping_status":"closed","template":"","meta":{"_et_pb_use_builder":"on","_et_pb_old_content":"","_et_gb_content_width":"","footnotes":""},"class_list":["post-198","page","type-page","status-publish","hentry"],"_links":{"self":[{"href":"https:\/\/noemiprimo.com\/index.php\/wp-json\/wp\/v2\/pages\/198","targetHints":{"allow":["GET"]}}],"collection":[{"href":"https:\/\/noemiprimo.com\/index.php\/wp-json\/wp\/v2\/pages"}],"about":[{"href":"https:\/\/noemiprimo.com\/index.php\/wp-json\/wp\/v2\/types\/page"}],"author":[{"embeddable":true,"href":"https:\/\/noemiprimo.com\/index.php\/wp-json\/wp\/v2\/users\/1"}],"replies":[{"embeddable":true,"href":"https:\/\/noemiprimo.com\/index.php\/wp-json\/wp\/v2\/comments?post=198"}],"version-history":[{"count":15,"href":"https:\/\/noemiprimo.com\/index.php\/wp-json\/wp\/v2\/pages\/198\/revisions"}],"predecessor-version":[{"id":538,"href":"https:\/\/noemiprimo.com\/index.php\/wp-json\/wp\/v2\/pages\/198\/revisions\/538"}],"wp:attachment":[{"href":"https:\/\/noemiprimo.com\/index.php\/wp-json\/wp\/v2\/media?parent=198"}],"curies":[{"name":"wp","href":"https:\/\/api.w.org\/{rel}","templated":true}]}}